{"id":1037,"date":"2021-04-28T16:25:34","date_gmt":"2021-04-28T14:25:34","guid":{"rendered":"https:\/\/collemassari-hospitality-pp.cross-systems.ch\/?page_id=1037"},"modified":"2021-05-26T09:56:04","modified_gmt":"2021-05-26T07:56:04","slug":"wedding-in-the-heart-of-tuscany","status":"publish","type":"page","link":"https:\/\/collemassari-hospitality-pp.cross-systems.ch\/de\/wedding-in-the-heart-of-tuscany\/","title":{"rendered":"Hochzeit im Herzen der Toskana"},"content":{"rendered":"<p>Auf den H\u00e4ngen der wundersch\u00f6nen H\u00fcgel der Maremma gelegen, umgeben von Weinbergen und Olivenhainen, ist die Tenuta di Montecucco der ideale Ort, Ihre Hochzeit zu einem unvergesslichen Ereignis werden zu lassen.<\/p>","protected":false},"excerpt":{"rendered":"<p>Auf den H\u00e4ngen der wundersch\u00f6nen H\u00fcgel der Maremma gelegen, umgeben von Weinbergen und Olivenhainen, ist die Tenuta di Montecucco der ideale Ort, Ihre Hochzeit zu einem unvergesslichen Ereignis werden zu lassen.<\/p>\n","protected":false},"author":2,"featured_media":0,"parent":0,"menu_order":0,"comment_status":"closed","ping_status":"closed","template":"fullcontent.php","meta":[],"acf":[],"_links":{"self":[{"href":"https:\/\/collemassari-hospitality-pp.cross-systems.ch\/de\/wp-json\/wp\/v2\/pages\/1037"}],"collection":[{"href":"https:\/\/collemassari-hospitality-pp.cross-systems.ch\/de\/wp-json\/wp\/v2\/pages"}],"about":[{"href":"https:\/\/collemassari-hospitality-pp.cross-systems.ch\/de\/wp-json\/wp\/v2\/types\/page"}],"author":[{"embeddable":true,"href":"https:\/\/collemassari-hospitality-pp.cross-systems.ch\/de\/wp-json\/wp\/v2\/users\/2"}],"replies":[{"embeddable":true,"href":"https:\/\/collemassari-hospitality-pp.cross-systems.ch\/de\/wp-json\/wp\/v2\/comments?post=1037"}],"version-history":[{"count":42,"href":"https:\/\/collemassari-hospitality-pp.cross-systems.ch\/de\/wp-json\/wp\/v2\/pages\/1037\/revisions"}],"predecessor-version":[{"id":1370,"href":"https:\/\/collemassari-hospitality-pp.cross-systems.ch\/de\/wp-json\/wp\/v2\/pages\/1037\/revisions\/1370"}],"wp:attachment":[{"href":"https:\/\/collemassari-hospitality-pp.cross-systems.ch\/de\/wp-json\/wp\/v2\/media?parent=1037"}],"curies":[{"name":"wp","href":"https:\/\/api.w.org\/{rel}","templated":true}]}}