{"id":1110,"date":"2021-05-05T14:09:03","date_gmt":"2021-05-05T12:09:03","guid":{"rendered":"https:\/\/collemassari-hospitality-pp.cross-systems.ch\/?page_id=1110"},"modified":"2021-05-05T15:30:28","modified_gmt":"2021-05-05T13:30:28","slug":"visiting-the-winery-and-vineyards","status":"publish","type":"page","link":"https:\/\/collemassari-hospitality-pp.cross-systems.ch\/de\/visiting-the-winery-and-vineyards\/","title":{"rendered":"Besuch der Weinkeller und Weinberge"},"content":{"rendered":"<p>Der Weinkeller von ColleMassari bietet  Weinproben verbunden mit kulinarischen Highlights an f\u00fcr G\u00e4ste, die die traditionellen typischen Aromen der Toscana entdecken m\u00f6chten.<\/p>","protected":false},"excerpt":{"rendered":"<p>Der Weinkeller von ColleMassari bietet Weinproben verbunden mit kulinarischen Highlights an f\u00fcr G\u00e4ste, die die traditionellen typischen Aromen der Toscana entdecken m\u00f6chten.<\/p>\n","protected":false},"author":12,"featured_media":0,"parent":0,"menu_order":0,"comment_status":"closed","ping_status":"closed","template":"fullcontent.php","meta":[],"acf":[],"_links":{"self":[{"href":"https:\/\/collemassari-hospitality-pp.cross-systems.ch\/de\/wp-json\/wp\/v2\/pages\/1110"}],"collection":[{"href":"https:\/\/collemassari-hospitality-pp.cross-systems.ch\/de\/wp-json\/wp\/v2\/pages"}],"about":[{"href":"https:\/\/collemassari-hospitality-pp.cross-systems.ch\/de\/wp-json\/wp\/v2\/types\/page"}],"author":[{"embeddable":true,"href":"https:\/\/collemassari-hospitality-pp.cross-systems.ch\/de\/wp-json\/wp\/v2\/users\/12"}],"replies":[{"embeddable":true,"href":"https:\/\/collemassari-hospitality-pp.cross-systems.ch\/de\/wp-json\/wp\/v2\/comments?post=1110"}],"version-history":[{"count":32,"href":"https:\/\/collemassari-hospitality-pp.cross-systems.ch\/de\/wp-json\/wp\/v2\/pages\/1110\/revisions"}],"predecessor-version":[{"id":1339,"href":"https:\/\/collemassari-hospitality-pp.cross-systems.ch\/de\/wp-json\/wp\/v2\/pages\/1110\/revisions\/1339"}],"wp:attachment":[{"href":"https:\/\/collemassari-hospitality-pp.cross-systems.ch\/de\/wp-json\/wp\/v2\/media?parent=1110"}],"curies":[{"name":"wp","href":"https:\/\/api.w.org\/{rel}","templated":true}]}}