{"id":1126,"date":"2021-05-05T14:25:18","date_gmt":"2021-05-05T12:25:18","guid":{"rendered":"https:\/\/collemassari-hospitality-pp.cross-systems.ch\/?page_id=1126"},"modified":"2021-05-05T14:26:07","modified_gmt":"2021-05-05T12:26:07","slug":"wine-and-food-activities","status":"publish","type":"page","link":"https:\/\/collemassari-hospitality-pp.cross-systems.ch\/de\/wine-and-food-activities\/","title":{"rendered":"Kulinarische Highlights und Weinproben"},"content":{"rendered":"<p>Die gem\u00fctliche und gastfreundliche Atmosph\u00e4re der Tenuta Montecucco ist ein idealer Ort an Kochkursen die traditionellen Spezialit\u00e4ten der Toskana zu entdecken und den Wein vom Weingut ColleMassari zu verk\u00f6stigen, gekr\u00f6nt von einem Besuch der grossartigen Weinkeller und der umgebenden Weinberge.<\/p>","protected":false},"excerpt":{"rendered":"<p>Die gem\u00fctliche und gastfreundliche Atmosph\u00e4re der Tenuta Montecucco ist ein idealer Ort an Kochkursen die traditionellen Spezialit\u00e4ten der Toskana zu entdecken und den Wein vom Weingut ColleMassari zu verk\u00f6stigen, gekr\u00f6nt von einem Besuch der grossartigen Weinkeller und der umgebenden Weinberge.<\/p>\n","protected":false},"author":12,"featured_media":0,"parent":0,"menu_order":0,"comment_status":"closed","ping_status":"closed","template":"fullcontent.php","meta":[],"acf":[],"_links":{"self":[{"href":"https:\/\/collemassari-hospitality-pp.cross-systems.ch\/de\/wp-json\/wp\/v2\/pages\/1126"}],"collection":[{"href":"https:\/\/collemassari-hospitality-pp.cross-systems.ch\/de\/wp-json\/wp\/v2\/pages"}],"about":[{"href":"https:\/\/collemassari-hospitality-pp.cross-systems.ch\/de\/wp-json\/wp\/v2\/types\/page"}],"author":[{"embeddable":true,"href":"https:\/\/collemassari-hospitality-pp.cross-systems.ch\/de\/wp-json\/wp\/v2\/users\/12"}],"replies":[{"embeddable":true,"href":"https:\/\/collemassari-hospitality-pp.cross-systems.ch\/de\/wp-json\/wp\/v2\/comments?post=1126"}],"version-history":[{"count":9,"href":"https:\/\/collemassari-hospitality-pp.cross-systems.ch\/de\/wp-json\/wp\/v2\/pages\/1126\/revisions"}],"predecessor-version":[{"id":1312,"href":"https:\/\/collemassari-hospitality-pp.cross-systems.ch\/de\/wp-json\/wp\/v2\/pages\/1126\/revisions\/1312"}],"wp:attachment":[{"href":"https:\/\/collemassari-hospitality-pp.cross-systems.ch\/de\/wp-json\/wp\/v2\/media?parent=1126"}],"curies":[{"name":"wp","href":"https:\/\/api.w.org\/{rel}","templated":true}]}}