{"id":237,"date":"2018-01-10T11:23:04","date_gmt":"2018-01-10T10:23:04","guid":{"rendered":"http:\/\/collemassari-hospitality-pp.cross-systems.ch\/?page_id=237"},"modified":"2021-05-06T10:15:08","modified_gmt":"2021-05-06T08:15:08","slug":"meetings-events","status":"publish","type":"page","link":"https:\/\/collemassari-hospitality-pp.cross-systems.ch\/de\/meetings-events\/","title":{"rendered":"Veranstaltungen"},"content":{"rendered":"<p>Eingebettet in die idyllische Stille der Landschaft der Toskana, umgeben von wundersch\u00f6nen Weinbergen und Olivenhainen, ist das\u00a0Tenuta di Montecucco der ideale Ort zur Organisation professioneller wie privater Anl\u00e4sse. Dank seiner hochmodernen Ausstattung ist es m\u00f6glich in der Tenuta jegliche Art von Veranstaltungen f\u00fcr Firmen zu organisieren, seien es Konferenzen, Workshops, Ateliers oder Teambuildingaktivit\u00e4ten. Mit seinem absolut exklusiven, zauberhaften Rahmen ist dieser Ort aber auch wie geschaffen daf\u00fcr, unvergessliche private Anl\u00e4sse zu feiern: Hochzeiten, Geburtstage, Taufen, Kommunionen, Konfirmationen, Diplomverleihungen, Gala-Dinners und andere Anl\u00e4sse f\u00fcr hohe Anspr\u00fcche.<\/p>","protected":false},"excerpt":{"rendered":"<p>Eingebettet in die idyllische Stille der Landschaft der Toskana, umgeben von wundersch\u00f6nen Weinbergen und Olivenhainen, ist das\u00a0Tenuta di Montecucco der ideale Ort zur Organisation professioneller wie privater Anl\u00e4sse. Dank seiner hochmodernen Ausstattung ist es m\u00f6glich in der Tenuta jegliche Art von Veranstaltungen f\u00fcr Firmen zu organisieren, seien es Konferenzen, Workshops, Ateliers oder Teambuildingaktivit\u00e4ten. Mit seinem [&hellip;]<\/p>\n","protected":false},"author":1,"featured_media":0,"parent":0,"menu_order":0,"comment_status":"closed","ping_status":"closed","template":"","meta":[],"acf":[],"_links":{"self":[{"href":"https:\/\/collemassari-hospitality-pp.cross-systems.ch\/de\/wp-json\/wp\/v2\/pages\/237"}],"collection":[{"href":"https:\/\/collemassari-hospitality-pp.cross-systems.ch\/de\/wp-json\/wp\/v2\/pages"}],"about":[{"href":"https:\/\/collemassari-hospitality-pp.cross-systems.ch\/de\/wp-json\/wp\/v2\/types\/page"}],"author":[{"embeddable":true,"href":"https:\/\/collemassari-hospitality-pp.cross-systems.ch\/de\/wp-json\/wp\/v2\/users\/1"}],"replies":[{"embeddable":true,"href":"https:\/\/collemassari-hospitality-pp.cross-systems.ch\/de\/wp-json\/wp\/v2\/comments?post=237"}],"version-history":[{"count":42,"href":"https:\/\/collemassari-hospitality-pp.cross-systems.ch\/de\/wp-json\/wp\/v2\/pages\/237\/revisions"}],"predecessor-version":[{"id":1352,"href":"https:\/\/collemassari-hospitality-pp.cross-systems.ch\/de\/wp-json\/wp\/v2\/pages\/237\/revisions\/1352"}],"wp:attachment":[{"href":"https:\/\/collemassari-hospitality-pp.cross-systems.ch\/de\/wp-json\/wp\/v2\/media?parent=237"}],"curies":[{"name":"wp","href":"https:\/\/api.w.org\/{rel}","templated":true}]}}