{"id":242,"date":"2018-01-10T11:27:42","date_gmt":"2018-01-10T10:27:42","guid":{"rendered":"http:\/\/collemassari-hospitality-pp.cross-systems.ch\/?page_id=242"},"modified":"2022-05-06T17:25:14","modified_gmt":"2022-05-06T15:25:14","slug":"restaurant-i-granai","status":"publish","type":"page","link":"https:\/\/collemassari-hospitality-pp.cross-systems.ch\/de\/restaurant-i-granai\/","title":{"rendered":"Restaurant &#8222;I Granai&#8220;"},"content":{"rendered":"<p>Im Herzen der Maremma toscane liegt das Restaurant \u201eI Granai\u201c, das zum Agrotourimus ColleMassari geh\u00f6rt. In einem Geb\u00e4ude, das fr\u00fcher als Getreidespeicher genutzt wurde, bietet das Restaurant auf seiner Speisekarte die besten traditionellen Gerichte aus der Toskana an, gepaart mit den exzellenten\u00a0preisgekr\u00f6nten Weinen und \u00d6len\u00a0aus Eigenproduktion.<\/p>","protected":false},"excerpt":{"rendered":"<p>Im Herzen der Maremma toscane liegt das Restaurant \u201eI Granai\u201c, das zum Agrotourimus ColleMassari geh\u00f6rt. In einem Geb\u00e4ude, das fr\u00fcher als Getreidespeicher genutzt wurde, bietet das Restaurant auf seiner Speisekarte die besten traditionellen Gerichte aus der Toskana an, gepaart mit den exzellenten\u00a0preisgekr\u00f6nten Weinen und \u00d6len\u00a0aus Eigenproduktion.<\/p>\n","protected":false},"author":1,"featured_media":0,"parent":0,"menu_order":0,"comment_status":"closed","ping_status":"closed","template":"","meta":[],"acf":[],"_links":{"self":[{"href":"https:\/\/collemassari-hospitality-pp.cross-systems.ch\/de\/wp-json\/wp\/v2\/pages\/242"}],"collection":[{"href":"https:\/\/collemassari-hospitality-pp.cross-systems.ch\/de\/wp-json\/wp\/v2\/pages"}],"about":[{"href":"https:\/\/collemassari-hospitality-pp.cross-systems.ch\/de\/wp-json\/wp\/v2\/types\/page"}],"author":[{"embeddable":true,"href":"https:\/\/collemassari-hospitality-pp.cross-systems.ch\/de\/wp-json\/wp\/v2\/users\/1"}],"replies":[{"embeddable":true,"href":"https:\/\/collemassari-hospitality-pp.cross-systems.ch\/de\/wp-json\/wp\/v2\/comments?post=242"}],"version-history":[{"count":94,"href":"https:\/\/collemassari-hospitality-pp.cross-systems.ch\/de\/wp-json\/wp\/v2\/pages\/242\/revisions"}],"predecessor-version":[{"id":1405,"href":"https:\/\/collemassari-hospitality-pp.cross-systems.ch\/de\/wp-json\/wp\/v2\/pages\/242\/revisions\/1405"}],"wp:attachment":[{"href":"https:\/\/collemassari-hospitality-pp.cross-systems.ch\/de\/wp-json\/wp\/v2\/media?parent=242"}],"curies":[{"name":"wp","href":"https:\/\/api.w.org\/{rel}","templated":true}]}}