{"id":1037,"date":"2021-04-28T16:25:34","date_gmt":"2021-04-28T14:25:34","guid":{"rendered":"https:\/\/collemassari-hospitality-pp.cross-systems.ch\/?page_id=1037"},"modified":"2021-05-26T09:56:04","modified_gmt":"2021-05-26T07:56:04","slug":"wedding-in-the-heart-of-tuscany","status":"publish","type":"page","link":"https:\/\/collemassari-hospitality-pp.cross-systems.ch\/fr\/wedding-in-the-heart-of-tuscany\/","title":{"rendered":"Mariage au c\u0153ur de la Toscane"},"content":{"rendered":"<p>Situ\u00e9e sur les pentes des magnifiques collines de la Maremma et entour\u00e9e de vignes et d&rsquo;oliviers, la Tenuta di Montecucco est l&rsquo;endroit id\u00e9al pour rendre votre mariage inoubliable.<\/p>","protected":false},"excerpt":{"rendered":"<p>Situ\u00e9e sur les pentes des magnifiques collines de la Maremma et entour\u00e9e de vignes et d&rsquo;oliviers, la Tenuta di Montecucco est l&rsquo;endroit id\u00e9al pour rendre votre mariage inoubliable.<\/p>\n","protected":false},"author":2,"featured_media":0,"parent":0,"menu_order":0,"comment_status":"closed","ping_status":"closed","template":"fullcontent.php","meta":[],"acf":[],"_links":{"self":[{"href":"https:\/\/collemassari-hospitality-pp.cross-systems.ch\/fr\/wp-json\/wp\/v2\/pages\/1037"}],"collection":[{"href":"https:\/\/collemassari-hospitality-pp.cross-systems.ch\/fr\/wp-json\/wp\/v2\/pages"}],"about":[{"href":"https:\/\/collemassari-hospitality-pp.cross-systems.ch\/fr\/wp-json\/wp\/v2\/types\/page"}],"author":[{"embeddable":true,"href":"https:\/\/collemassari-hospitality-pp.cross-systems.ch\/fr\/wp-json\/wp\/v2\/users\/2"}],"replies":[{"embeddable":true,"href":"https:\/\/collemassari-hospitality-pp.cross-systems.ch\/fr\/wp-json\/wp\/v2\/comments?post=1037"}],"version-history":[{"count":42,"href":"https:\/\/collemassari-hospitality-pp.cross-systems.ch\/fr\/wp-json\/wp\/v2\/pages\/1037\/revisions"}],"predecessor-version":[{"id":1370,"href":"https:\/\/collemassari-hospitality-pp.cross-systems.ch\/fr\/wp-json\/wp\/v2\/pages\/1037\/revisions\/1370"}],"wp:attachment":[{"href":"https:\/\/collemassari-hospitality-pp.cross-systems.ch\/fr\/wp-json\/wp\/v2\/media?parent=1037"}],"curies":[{"name":"wp","href":"https:\/\/api.w.org\/{rel}","templated":true}]}}