{"id":237,"date":"2018-01-10T11:23:04","date_gmt":"2018-01-10T10:23:04","guid":{"rendered":"http:\/\/collemassari-hospitality-pp.cross-systems.ch\/?page_id=237"},"modified":"2021-05-06T10:15:08","modified_gmt":"2021-05-06T08:15:08","slug":"meetings-events","status":"publish","type":"page","link":"https:\/\/collemassari-hospitality-pp.cross-systems.ch\/fr\/meetings-events\/","title":{"rendered":"\u00c9v\u00e9nements"},"content":{"rendered":"<p>Immerg\u00e9e dans le silence de la campagne toscane, entour\u00e9e de magnifiques rang\u00e9es de vignes et d&rsquo;oliviers, la Tenuta di Montecucco est l&rsquo;environnement parfait pour organiser des \u00e9v\u00e9nements d\u2019entreprise aussi bien que des \u00e9v\u00e9nements priv\u00e9s. Avec son cadre enchanteur absolument exclusif, le domaine est \u00e9galement l\u2019endroit parfait pour c\u00e9l\u00e9brer des \u00e9v\u00e9nements priv\u00e9s uniques\u202f: mariages, anniversaires, bapt\u00eames, communions, confirmations, remises de dipl\u00f4mes, d\u00eeners de gala et tout autre \u00e9v\u00e9nement de grand style.<\/p>","protected":false},"excerpt":{"rendered":"<p>Immerg\u00e9e dans le silence de la campagne toscane, entour\u00e9e de magnifiques rang\u00e9es de vignes et d&rsquo;oliviers, la Tenuta di Montecucco est l&rsquo;environnement parfait pour organiser des \u00e9v\u00e9nements d\u2019entreprise aussi bien que des \u00e9v\u00e9nements priv\u00e9s. Avec son cadre enchanteur absolument exclusif, le domaine est \u00e9galement l\u2019endroit parfait pour c\u00e9l\u00e9brer des \u00e9v\u00e9nements priv\u00e9s uniques\u202f: mariages, anniversaires, bapt\u00eames, [&hellip;]<\/p>\n","protected":false},"author":1,"featured_media":0,"parent":0,"menu_order":0,"comment_status":"closed","ping_status":"closed","template":"","meta":[],"acf":[],"_links":{"self":[{"href":"https:\/\/collemassari-hospitality-pp.cross-systems.ch\/fr\/wp-json\/wp\/v2\/pages\/237"}],"collection":[{"href":"https:\/\/collemassari-hospitality-pp.cross-systems.ch\/fr\/wp-json\/wp\/v2\/pages"}],"about":[{"href":"https:\/\/collemassari-hospitality-pp.cross-systems.ch\/fr\/wp-json\/wp\/v2\/types\/page"}],"author":[{"embeddable":true,"href":"https:\/\/collemassari-hospitality-pp.cross-systems.ch\/fr\/wp-json\/wp\/v2\/users\/1"}],"replies":[{"embeddable":true,"href":"https:\/\/collemassari-hospitality-pp.cross-systems.ch\/fr\/wp-json\/wp\/v2\/comments?post=237"}],"version-history":[{"count":42,"href":"https:\/\/collemassari-hospitality-pp.cross-systems.ch\/fr\/wp-json\/wp\/v2\/pages\/237\/revisions"}],"predecessor-version":[{"id":1352,"href":"https:\/\/collemassari-hospitality-pp.cross-systems.ch\/fr\/wp-json\/wp\/v2\/pages\/237\/revisions\/1352"}],"wp:attachment":[{"href":"https:\/\/collemassari-hospitality-pp.cross-systems.ch\/fr\/wp-json\/wp\/v2\/media?parent=237"}],"curies":[{"name":"wp","href":"https:\/\/api.w.org\/{rel}","templated":true}]}}