{"id":242,"date":"2018-01-10T11:27:42","date_gmt":"2018-01-10T10:27:42","guid":{"rendered":"http:\/\/collemassari-hospitality-pp.cross-systems.ch\/?page_id=242"},"modified":"2022-05-06T17:25:14","modified_gmt":"2022-05-06T15:25:14","slug":"restaurant-i-granai","status":"publish","type":"page","link":"https:\/\/collemassari-hospitality-pp.cross-systems.ch\/fr\/restaurant-i-granai\/","title":{"rendered":"Restaurant \u00ab\u00a0I Granai\u00a0\u00bb"},"content":{"rendered":"<p>Le restaurant \u00ab\u00a0I\u00a0Granai\u00a0\u00bb se trouve au c\u0153ur de la\u00a0Maremma\u00a0toscane,\u00a0dans la prestigieuse\u00a0Tenuta\u00a0di\u00a0Montecucco.\u00a0Construction autrefois destin\u00e9e \u00e0 la pr\u00e9servation des r\u00e9serves de c\u00e9r\u00e9ales, le restaurant\u00a0propose les meilleurs plats de la tradition toscane, associ\u00e9s \u00e0 d&rsquo;excellents\u00a0vins\u00a0et huiles\u00a0prim\u00e9s\u00a0produits par le domaine.<\/p>","protected":false},"excerpt":{"rendered":"<p>Le restaurant \u00ab\u00a0I\u00a0Granai\u00a0\u00bb se trouve au c\u0153ur de la\u00a0Maremma\u00a0toscane,\u00a0dans la prestigieuse\u00a0Tenuta\u00a0di\u00a0Montecucco.\u00a0Construction autrefois destin\u00e9e \u00e0 la pr\u00e9servation des r\u00e9serves de c\u00e9r\u00e9ales, le restaurant\u00a0propose les meilleurs plats de la tradition toscane, associ\u00e9s \u00e0 d&rsquo;excellents\u00a0vins\u00a0et huiles\u00a0prim\u00e9s\u00a0produits par le domaine.<\/p>\n","protected":false},"author":1,"featured_media":0,"parent":0,"menu_order":0,"comment_status":"closed","ping_status":"closed","template":"","meta":[],"acf":[],"_links":{"self":[{"href":"https:\/\/collemassari-hospitality-pp.cross-systems.ch\/fr\/wp-json\/wp\/v2\/pages\/242"}],"collection":[{"href":"https:\/\/collemassari-hospitality-pp.cross-systems.ch\/fr\/wp-json\/wp\/v2\/pages"}],"about":[{"href":"https:\/\/collemassari-hospitality-pp.cross-systems.ch\/fr\/wp-json\/wp\/v2\/types\/page"}],"author":[{"embeddable":true,"href":"https:\/\/collemassari-hospitality-pp.cross-systems.ch\/fr\/wp-json\/wp\/v2\/users\/1"}],"replies":[{"embeddable":true,"href":"https:\/\/collemassari-hospitality-pp.cross-systems.ch\/fr\/wp-json\/wp\/v2\/comments?post=242"}],"version-history":[{"count":94,"href":"https:\/\/collemassari-hospitality-pp.cross-systems.ch\/fr\/wp-json\/wp\/v2\/pages\/242\/revisions"}],"predecessor-version":[{"id":1405,"href":"https:\/\/collemassari-hospitality-pp.cross-systems.ch\/fr\/wp-json\/wp\/v2\/pages\/242\/revisions\/1405"}],"wp:attachment":[{"href":"https:\/\/collemassari-hospitality-pp.cross-systems.ch\/fr\/wp-json\/wp\/v2\/media?parent=242"}],"curies":[{"name":"wp","href":"https:\/\/api.w.org\/{rel}","templated":true}]}}