{"id":248,"date":"2018-01-10T11:28:41","date_gmt":"2018-01-10T10:28:41","guid":{"rendered":"http:\/\/collemassari-hospitality-pp.cross-systems.ch\/?page_id=248"},"modified":"2021-05-18T15:01:29","modified_gmt":"2021-05-18T13:01:29","slug":"terms-and-conditions","status":"publish","type":"page","link":"https:\/\/collemassari-hospitality-pp.cross-systems.ch\/fr\/terms-and-conditions\/","title":{"rendered":"(English) Terms and conditions"},"content":{"rendered":"<p class=\"qtranxs-available-languages-message qtranxs-available-languages-message-fr\">D\u00e9sol\u00e9, cet article est seulement disponible en <a href=\"https:\/\/collemassari-hospitality-pp.cross-systems.ch\/en\/wp-json\/wp\/v2\/pages\/248\" class=\"qtranxs-available-language-link qtranxs-available-language-link-en\" title=\"English\">Anglais Am\u00e9ricain<\/a> et <a href=\"https:\/\/collemassari-hospitality-pp.cross-systems.ch\/it\/wp-json\/wp\/v2\/pages\/248\" class=\"qtranxs-available-language-link qtranxs-available-language-link-it\" title=\"Italiano\">Italien<\/a>.<\/p>","protected":false},"excerpt":{"rendered":"<p>D\u00e9sol\u00e9, cet article est seulement disponible en Anglais Am\u00e9ricain et Italien.<\/p>\n","protected":false},"author":1,"featured_media":0,"parent":0,"menu_order":0,"comment_status":"closed","ping_status":"closed","template":"fullcontent.php","meta":[],"acf":[],"_links":{"self":[{"href":"https:\/\/collemassari-hospitality-pp.cross-systems.ch\/fr\/wp-json\/wp\/v2\/pages\/248"}],"collection":[{"href":"https:\/\/collemassari-hospitality-pp.cross-systems.ch\/fr\/wp-json\/wp\/v2\/pages"}],"about":[{"href":"https:\/\/collemassari-hospitality-pp.cross-systems.ch\/fr\/wp-json\/wp\/v2\/types\/page"}],"author":[{"embeddable":true,"href":"https:\/\/collemassari-hospitality-pp.cross-systems.ch\/fr\/wp-json\/wp\/v2\/users\/1"}],"replies":[{"embeddable":true,"href":"https:\/\/collemassari-hospitality-pp.cross-systems.ch\/fr\/wp-json\/wp\/v2\/comments?post=248"}],"version-history":[{"count":11,"href":"https:\/\/collemassari-hospitality-pp.cross-systems.ch\/fr\/wp-json\/wp\/v2\/pages\/248\/revisions"}],"predecessor-version":[{"id":1368,"href":"https:\/\/collemassari-hospitality-pp.cross-systems.ch\/fr\/wp-json\/wp\/v2\/pages\/248\/revisions\/1368"}],"wp:attachment":[{"href":"https:\/\/collemassari-hospitality-pp.cross-systems.ch\/fr\/wp-json\/wp\/v2\/media?parent=248"}],"curies":[{"name":"wp","href":"https:\/\/api.w.org\/{rel}","templated":true}]}}